{"id":203,"date":"2026-03-11T21:59:55","date_gmt":"2026-03-11T20:59:55","guid":{"rendered":"https:\/\/philojeux.fr\/?page_id=203"},"modified":"2026-03-11T21:59:55","modified_gmt":"2026-03-11T20:59:55","slug":"les-partenaires","status":"publish","type":"page","link":"https:\/\/philojeux.fr\/?page_id=203","title":{"rendered":"Les partenaires"},"content":{"rendered":"\n<figure class=\"wp-block-image size-large is-resized\"><img decoding=\"async\" src=\"https:\/\/drakkar-ludik.com\/wp-content\/uploads\/2022\/12\/cropped-Logo-DL_Drakkar-seul_Rond_blanc.png\" alt=\"\" style=\"width:101px;height:auto\"\/><\/figure>\n\n\n\n<p><a href=\"https:\/\/drakkar-ludik.com\/\">Le drakkar Ludik<\/a> \u00e0 Longjumeau<\/p>\n\n\n\n<figure class=\"wp-block-image size-large\"><img decoding=\"async\" src=\"https:\/\/lacabanedeludo.com\/wp-content\/uploads\/2021\/02\/cropped-Logo-site-entete.png\" alt=\"\"\/><\/figure>\n\n\n\n<p><a href=\"https:\/\/lacabanedeludo.com\/\">La cabane de Ludo<\/a> \u00e0 Ris-Orangis<\/p>\n\n\n\n<figure class=\"wp-block-image size-large is-resized\"><img decoding=\"async\" src=\"https:\/\/scontent-cdg4-1.xx.fbcdn.net\/v\/t39.30808-6\/325203514_871715517429990_2546259263550863545_n.jpg?_nc_cat=104&amp;ccb=1-7&amp;_nc_sid=1d70fc&amp;_nc_ohc=fNWWQGw7PbIQ7kNvwGmd8GM&amp;_nc_oc=AdnVK54sZESgj7f3H1mb1Yk_X6RjJ5puIhylRwoyi8yrsBrmLRUSQAgsiMgg5mmfPDo&amp;_nc_zt=23&amp;_nc_ht=scontent-cdg4-1.xx&amp;_nc_gid=tIHCejmFMr5flPNhs-fa8A&amp;_nc_ss=8&amp;oh=00_AfyZ4-s6NUbaIn9xTzIcBtwt1QuBV5vsGoaphxSHa6LRkQ&amp;oe=69B7AAB1\" alt=\"\" style=\"width:160px;height:auto\"\/><\/figure>\n\n\n\n<p><a href=\"https:\/\/www.facebook.com\/lesjeuxdornicar\">Les jeux d&rsquo;Ornicar<\/a> \u00e0 Arpajon<\/p>\n","protected":false},"excerpt":{"rendered":"<p>Le drakkar Ludik \u00e0 Longjumeau La cabane de Ludo \u00e0 Ris-Orangis Les jeux d&rsquo;Ornicar \u00e0 Arpajon<\/p>\n","protected":false},"author":1,"featured_media":0,"parent":0,"menu_order":0,"comment_status":"closed","ping_status":"closed","template":"","meta":{"footnotes":""},"class_list":["post-203","page","type-page","status-publish","hentry"],"_links":{"self":[{"href":"https:\/\/philojeux.fr\/index.php?rest_route=\/wp\/v2\/pages\/203","targetHints":{"allow":["GET"]}}],"collection":[{"href":"https:\/\/philojeux.fr\/index.php?rest_route=\/wp\/v2\/pages"}],"about":[{"href":"https:\/\/philojeux.fr\/index.php?rest_route=\/wp\/v2\/types\/page"}],"author":[{"embeddable":true,"href":"https:\/\/philojeux.fr\/index.php?rest_route=\/wp\/v2\/users\/1"}],"replies":[{"embeddable":true,"href":"https:\/\/philojeux.fr\/index.php?rest_route=%2Fwp%2Fv2%2Fcomments&post=203"}],"version-history":[{"count":2,"href":"https:\/\/philojeux.fr\/index.php?rest_route=\/wp\/v2\/pages\/203\/revisions"}],"predecessor-version":[{"id":206,"href":"https:\/\/philojeux.fr\/index.php?rest_route=\/wp\/v2\/pages\/203\/revisions\/206"}],"wp:attachment":[{"href":"https:\/\/philojeux.fr\/index.php?rest_route=%2Fwp%2Fv2%2Fmedia&parent=203"}],"curies":[{"name":"wp","href":"https:\/\/api.w.org\/{rel}","templated":true}]}}