{"id":37,"date":"2023-12-04T09:24:15","date_gmt":"2023-12-04T08:24:15","guid":{"rendered":"http:\/\/philojeux.fr\/?page_id=37"},"modified":"2026-03-08T12:54:38","modified_gmt":"2026-03-08T11:54:38","slug":"les-evenements","status":"publish","type":"page","link":"https:\/\/philojeux.fr\/?page_id=37","title":{"rendered":"Les \u00e9v\u00e8nements"},"content":{"rendered":"\n<h2 class=\"wp-block-heading\">Le t\u00e9l\u00e9thon<\/h2>\n\n\n\n<p>Depuis plusieurs ann\u00e9e, l&rsquo;association Phil\u00d4jeux s&rsquo;associe \u00e0 l&rsquo;AMF en faveur du t\u00e9l\u00e9thon.<\/p>\n\n\n\n<p>Nous proposons \u00e0 toutes personnes de venir jouer au cours d&rsquo;une nuit blanche de 20h \u00e0 8h le lendemain pour 5 euros qui sont revers\u00e9s \u00e0 l&rsquo;AMF.<\/p>\n\n\n\n<p>Nous proposons aussi des consommations et des collations pour tenir toute la nuit, dont les b\u00e9n\u00e9fices seront aussi revers\u00e9s.<\/p>\n\n\n\n<p>Nous mettons aussi en vente des jeux \u00e0 petits prix.<\/p>\n\n\n\n<p>Retrouvez-nous tous premiers vendredi de d\u00e9cembre, chaque ann\u00e9e.<\/p>\n","protected":false},"excerpt":{"rendered":"<p>Le t\u00e9l\u00e9thon Depuis plusieurs ann\u00e9e, l&rsquo;association Phil\u00d4jeux s&rsquo;associe \u00e0 l&rsquo;AMF en faveur du t\u00e9l\u00e9thon. Nous proposons \u00e0 toutes personnes de venir jouer au cours d&rsquo;une nuit blanche de 20h \u00e0 8h le lendemain pour 5 euros qui sont revers\u00e9s \u00e0 l&rsquo;AMF. Nous proposons aussi des consommations et des collations pour tenir toute la nuit, dont [&hellip;]<\/p>\n","protected":false},"author":1,"featured_media":0,"parent":0,"menu_order":0,"comment_status":"closed","ping_status":"closed","template":"","meta":{"footnotes":""},"class_list":["post-37","page","type-page","status-publish","hentry"],"_links":{"self":[{"href":"https:\/\/philojeux.fr\/index.php?rest_route=\/wp\/v2\/pages\/37","targetHints":{"allow":["GET"]}}],"collection":[{"href":"https:\/\/philojeux.fr\/index.php?rest_route=\/wp\/v2\/pages"}],"about":[{"href":"https:\/\/philojeux.fr\/index.php?rest_route=\/wp\/v2\/types\/page"}],"author":[{"embeddable":true,"href":"https:\/\/philojeux.fr\/index.php?rest_route=\/wp\/v2\/users\/1"}],"replies":[{"embeddable":true,"href":"https:\/\/philojeux.fr\/index.php?rest_route=%2Fwp%2Fv2%2Fcomments&post=37"}],"version-history":[{"count":5,"href":"https:\/\/philojeux.fr\/index.php?rest_route=\/wp\/v2\/pages\/37\/revisions"}],"predecessor-version":[{"id":200,"href":"https:\/\/philojeux.fr\/index.php?rest_route=\/wp\/v2\/pages\/37\/revisions\/200"}],"wp:attachment":[{"href":"https:\/\/philojeux.fr\/index.php?rest_route=%2Fwp%2Fv2%2Fmedia&parent=37"}],"curies":[{"name":"wp","href":"https:\/\/api.w.org\/{rel}","templated":true}]}}